{"id":2088,"date":"2021-05-18T09:02:57","date_gmt":"2021-05-18T09:02:57","guid":{"rendered":"https:\/\/candispro.com\/a-propos-de-nous\/"},"modified":"2022-01-18T15:14:14","modified_gmt":"2022-01-18T15:14:14","slug":"a-propos-de-nous","status":"publish","type":"page","link":"https:\/\/candispro.com\/fr\/a-propos-de-nous\/","title":{"rendered":"\u00c0 PROPOS DE NOUS"},"content":{"rendered":"\t\t<div data-elementor-type=\"wp-page\" data-elementor-id=\"2088\" class=\"elementor elementor-2088 elementor-9\">\n\t\t\t\t\t\t<section class=\"elementor-section elementor-top-section elementor-element elementor-element-d6e0a8e elementor-section-full_width elementor-section-stretched elementor-section-height-default elementor-section-height-default\" data-id=\"d6e0a8e\" data-element_type=\"section\" data-settings=\"{&quot;stretch_section&quot;:&quot;section-stretched&quot;}\">\n\t\t\t\t\t\t<div class=\"elementor-container elementor-column-gap-no\">\n\t\t\t\t\t<div class=\"elementor-column elementor-col-100 elementor-top-column elementor-element elementor-element-25d01eb\" data-id=\"25d01eb\" data-element_type=\"column\">\n\t\t\t<div class=\"elementor-widget-wrap elementor-element-populated\">\n\t\t\t\t\t\t<div class=\"elementor-element elementor-element-2b596c8 elementor-widget elementor-widget-spacer\" data-id=\"2b596c8\" data-element_type=\"widget\" data-widget_type=\"spacer.default\">\n\t\t\t\t<div class=\"elementor-widget-container\">\n\t\t\t\t\t<div class=\"elementor-spacer\">\n\t\t\t<div class=\"elementor-spacer-inner\"><\/div>\n\t\t<\/div>\n\t\t\t\t<\/div>\n\t\t\t\t<\/div>\n\t\t\t\t<div class=\"elementor-element elementor-element-c6fabc6 elementor-widget__width-inherit elementor--h-position-center elementor--v-position-middle elementor-arrows-position-inside elementor-pagination-position-inside elementor-widget elementor-widget-slides\" data-id=\"c6fabc6\" data-element_type=\"widget\" data-settings=\"{&quot;transition_speed&quot;:700,&quot;navigation&quot;:&quot;both&quot;,&quot;autoplay&quot;:&quot;yes&quot;,&quot;pause_on_hover&quot;:&quot;yes&quot;,&quot;pause_on_interaction&quot;:&quot;yes&quot;,&quot;autoplay_speed&quot;:5000,&quot;infinite&quot;:&quot;yes&quot;,&quot;transition&quot;:&quot;slide&quot;}\" data-widget_type=\"slides.default\">\n\t\t\t\t<div class=\"elementor-widget-container\">\n\t\t\t\t\t<div class=\"elementor-swiper\">\n\t\t\t<div class=\"elementor-slides-wrapper elementor-main-swiper swiper-container\" dir=\"ltr\" data-animation=\"\">\n\t\t\t\t<div class=\"swiper-wrapper elementor-slides\">\n\t\t\t\t\t\t\t\t\t\t<div class=\"elementor-repeater-item-18f653c swiper-slide\"><div class=\"swiper-slide-bg\"><\/div><div class=\"swiper-slide-inner\" ><div class=\"swiper-slide-contents\"><div class=\"elementor-slide-heading\">\u00c0 PROPOS DE NOUS<\/div><div class=\"elementor-slide-description\"><p>Nous sommes des importateurs et des distributeurs sp\u00e9cialis\u00e9s dans la cuisine espagnole.<\/p>\n<\/div><\/div><\/div><\/div>\t\t\t\t<\/div>\n\t\t\t\t\t\t\t<\/div>\n\t\t<\/div>\n\t\t\t\t<\/div>\n\t\t\t\t<\/div>\n\t\t\t\t\t<\/div>\n\t\t<\/div>\n\t\t\t\t\t<\/div>\n\t\t<\/section>\n\t\t\t\t<section class=\"elementor-section elementor-top-section elementor-element elementor-element-0457e7d elementor-section-full_width elementor-section-stretched elementor-section-height-default elementor-section-height-default\" data-id=\"0457e7d\" data-element_type=\"section\" data-settings=\"{&quot;stretch_section&quot;:&quot;section-stretched&quot;,&quot;background_background&quot;:&quot;classic&quot;}\">\n\t\t\t\t\t\t\t<div class=\"elementor-background-overlay\"><\/div>\n\t\t\t\t\t\t\t<div class=\"elementor-container elementor-column-gap-default\">\n\t\t\t\t\t<div class=\"elementor-column elementor-col-100 elementor-top-column elementor-element elementor-element-61215d4\" data-id=\"61215d4\" data-element_type=\"column\" data-settings=\"{&quot;background_background&quot;:&quot;classic&quot;}\">\n\t\t\t<div class=\"elementor-widget-wrap elementor-element-populated\">\n\t\t\t\t\t\t<div class=\"elementor-element elementor-element-d13dc76 elementor-widget elementor-widget-heading\" data-id=\"d13dc76\" data-element_type=\"widget\" data-widget_type=\"heading.default\">\n\t\t\t\t<div class=\"elementor-widget-container\">\n\t\t\t<h3 class=\"elementor-heading-title elementor-size-default\"><span style=\"text-transform:uppercase\">C\u2019est leur amour de la cuisine espagnole qui leur a donn\u00e9 envie d\u2019importer au Canada leurs sp\u00e9cialit\u00e9s pr\u00e9f\u00e9r\u00e9es d\u2019Espagne.<\/span><\/h3>\t\t<\/div>\n\t\t\t\t<\/div>\n\t\t\t\t\t<\/div>\n\t\t<\/div>\n\t\t\t\t\t<\/div>\n\t\t<\/section>\n\t\t\t\t<section class=\"elementor-section elementor-top-section elementor-element elementor-element-a4acc04 elementor-section-full_width elementor-section-stretched elementor-section-height-min-height elementor-section-items-stretch elementor-section-height-default\" data-id=\"a4acc04\" data-element_type=\"section\" data-settings=\"{&quot;stretch_section&quot;:&quot;section-stretched&quot;}\">\n\t\t\t\t\t\t<div class=\"elementor-container elementor-column-gap-no\">\n\t\t\t\t\t<div class=\"elementor-column elementor-col-33 elementor-top-column elementor-element elementor-element-feede79\" data-id=\"feede79\" data-element_type=\"column\" data-settings=\"{&quot;background_background&quot;:&quot;slideshow&quot;,&quot;background_slideshow_gallery&quot;:[{&quot;id&quot;:1613,&quot;url&quot;:&quot;https:\\\/\\\/candispro.com\\\/wp-content\\\/uploads\\\/2020\\\/11\\\/about-us-traditional.jpg&quot;}],&quot;background_slideshow_loop&quot;:&quot;yes&quot;,&quot;background_slideshow_slide_duration&quot;:5000,&quot;background_slideshow_slide_transition&quot;:&quot;fade&quot;,&quot;background_slideshow_transition_duration&quot;:500}\">\n\t\t\t<div class=\"elementor-widget-wrap elementor-element-populated\">\n\t\t\t\t\t\t<div class=\"elementor-element elementor-element-cef804d elementor-widget elementor-widget-html\" data-id=\"cef804d\" data-element_type=\"widget\" data-widget_type=\"html.default\">\n\t\t\t\t<div class=\"elementor-widget-container\">\n\t\t\t<p><\/p>\t\t<\/div>\n\t\t\t\t<\/div>\n\t\t\t\t\t<\/div>\n\t\t<\/div>\n\t\t\t\t<div class=\"elementor-column elementor-col-66 elementor-top-column elementor-element elementor-element-43218e3\" data-id=\"43218e3\" data-element_type=\"column\">\n\t\t\t<div class=\"elementor-widget-wrap elementor-element-populated\">\n\t\t\t\t\t\t<div class=\"elementor-element elementor-element-0abfdf6 elementor-widget elementor-widget-heading\" data-id=\"0abfdf6\" data-element_type=\"widget\" data-widget_type=\"heading.default\">\n\t\t\t\t<div class=\"elementor-widget-container\">\n\t\t\t<h2 class=\"elementor-heading-title elementor-size-default\"><h2><b>PRODUITS TRADITIONNELS SAINS<\/b><\/h2><h3>Le r\u00e9gime m\u00e9diterran\u00e9en est l\u2019un des r\u00e9gimes les plus sains au monde; ce n\u2019est pas surprenant qu\u2019il soit \u00e0 la mode dans de nombreux pays. En Espagne, c\u2019est un mode de vie. <h3>Des \u00e9tudes ont montr\u00e9 que ce mode d\u2019alimentation traditionnel r\u00e9duit le risque de contracter un grand nombre de maladies... sans compter que la nourriture est d\u00e9licieuse!<h3>Nos produits traditionnels sains tiennent compte des incontournables du r\u00e9gime m\u00e9diterran\u00e9en - mettant \u00e0 l\u2019honneur les fruits, les l\u00e9gumes, les noix, les c\u00e9r\u00e9ales compl\u00e8tes et l\u2019huile d\u2019olive - tout en proposant des produits sans OGM, sans ingr\u00e9dients artificiels ainsi que des produits transform\u00e9s aussi naturellement que possible.<\/h2>\t\t<\/div>\n\t\t\t\t<\/div>\n\t\t\t\t\t<\/div>\n\t\t<\/div>\n\t\t\t\t\t<\/div>\n\t\t<\/section>\n\t\t\t\t<section class=\"elementor-section elementor-top-section elementor-element elementor-element-d23524a elementor-section-full_width elementor-section-stretched elementor-section-height-min-height elementor-section-items-stretch elementor-reverse-mobile elementor-section-height-default\" data-id=\"d23524a\" data-element_type=\"section\" data-settings=\"{&quot;stretch_section&quot;:&quot;section-stretched&quot;}\">\n\t\t\t\t\t\t<div class=\"elementor-container elementor-column-gap-no\">\n\t\t\t\t\t<div class=\"elementor-column elementor-col-66 elementor-top-column elementor-element elementor-element-63af7f2\" data-id=\"63af7f2\" data-element_type=\"column\">\n\t\t\t<div class=\"elementor-widget-wrap elementor-element-populated\">\n\t\t\t\t\t\t<div class=\"elementor-element elementor-element-9300cba elementor-widget elementor-widget-heading\" data-id=\"9300cba\" data-element_type=\"widget\" data-widget_type=\"heading.default\">\n\t\t\t\t<div class=\"elementor-widget-container\">\n\t\t\t<h2 class=\"elementor-heading-title elementor-size-default\"><h2><b>FOURNISSEURS<\/b><\/h2><h3>Chez CanDisPro, chacun de nos fournisseurs est soumis \u00e0 un processus de s\u00e9lection rigoureux. Nous rendons visite personnellement \u00e0 presque tous les producteurs, des petites exploitations familiales situ\u00e9es dans les r\u00e9gions recul\u00e9es d\u2019Espagne aux grands producteurs r\u00e9put\u00e9s de la p\u00e9ninsule ib\u00e9rique. Nous nous assurons que leurs m\u00e9thodes de production et de qualit\u00e9 correspondent \u00e0 celles de CanDisPro et que leurs produits sont conformes aux normes de sant\u00e9 et de s\u00e9curit\u00e9 de l\u2019IFS et du BRC. Apprendre \u00e0 conna\u00eetre chacun de nos fournisseurs est un \u00e9l\u00e9ment essentiel dans la cr\u00e9ation et le renforcement de nos relations. Nous sommes leur prolongement et repr\u00e9sentons avec fiert\u00e9 leur entreprise et leurs produits \u00e0 travers le Canada. Nous sommes fiers de l\u2019attention et du soutien que nous offrons \u00e0 nos fournisseurs, ce qui nous permet de comprendre parfaitement les exigences et les attentes de nos clients.<\/h2>\t\t<\/div>\n\t\t\t\t<\/div>\n\t\t\t\t\t<\/div>\n\t\t<\/div>\n\t\t\t\t<div class=\"elementor-column elementor-col-33 elementor-top-column elementor-element elementor-element-2357178\" data-id=\"2357178\" data-element_type=\"column\" data-settings=\"{&quot;background_background&quot;:&quot;slideshow&quot;,&quot;background_slideshow_gallery&quot;:[{&quot;id&quot;:1426,&quot;url&quot;:&quot;https:\\\/\\\/candispro.com\\\/wp-content\\\/uploads\\\/2020\\\/11\\\/aboutus05.jpg&quot;}],&quot;background_slideshow_loop&quot;:&quot;yes&quot;,&quot;background_slideshow_slide_duration&quot;:5000,&quot;background_slideshow_slide_transition&quot;:&quot;fade&quot;,&quot;background_slideshow_transition_duration&quot;:500}\">\n\t\t\t<div class=\"elementor-widget-wrap elementor-element-populated\">\n\t\t\t\t\t\t<div class=\"elementor-element elementor-element-23444e6 elementor-widget elementor-widget-html\" data-id=\"23444e6\" data-element_type=\"widget\" data-widget_type=\"html.default\">\n\t\t\t\t<div class=\"elementor-widget-container\">\n\t\t\t<p><\/p>\t\t<\/div>\n\t\t\t\t<\/div>\n\t\t\t\t\t<\/div>\n\t\t<\/div>\n\t\t\t\t\t<\/div>\n\t\t<\/section>\n\t\t\t\t<section class=\"elementor-section elementor-top-section elementor-element elementor-element-5826dea elementor-section-full_width elementor-section-stretched elementor-section-height-min-height elementor-section-items-stretch elementor-section-height-default\" data-id=\"5826dea\" data-element_type=\"section\" data-settings=\"{&quot;stretch_section&quot;:&quot;section-stretched&quot;}\">\n\t\t\t\t\t\t<div class=\"elementor-container elementor-column-gap-no\">\n\t\t\t\t\t<div class=\"elementor-column elementor-col-33 elementor-top-column elementor-element elementor-element-d6b45e8\" data-id=\"d6b45e8\" data-element_type=\"column\" data-settings=\"{&quot;background_background&quot;:&quot;slideshow&quot;,&quot;background_slideshow_gallery&quot;:[{&quot;id&quot;:1427,&quot;url&quot;:&quot;https:\\\/\\\/candispro.com\\\/wp-content\\\/uploads\\\/2020\\\/11\\\/aboutus06.jpg&quot;}],&quot;background_slideshow_loop&quot;:&quot;yes&quot;,&quot;background_slideshow_slide_duration&quot;:5000,&quot;background_slideshow_slide_transition&quot;:&quot;fade&quot;,&quot;background_slideshow_transition_duration&quot;:500}\">\n\t\t\t<div class=\"elementor-widget-wrap elementor-element-populated\">\n\t\t\t\t\t\t<div class=\"elementor-element elementor-element-f43b2e3 elementor-widget elementor-widget-html\" data-id=\"f43b2e3\" data-element_type=\"widget\" data-widget_type=\"html.default\">\n\t\t\t\t<div class=\"elementor-widget-container\">\n\t\t\t<p><\/p>\t\t<\/div>\n\t\t\t\t<\/div>\n\t\t\t\t\t<\/div>\n\t\t<\/div>\n\t\t\t\t<div class=\"elementor-column elementor-col-66 elementor-top-column elementor-element elementor-element-27252d6\" data-id=\"27252d6\" data-element_type=\"column\">\n\t\t\t<div class=\"elementor-widget-wrap elementor-element-populated\">\n\t\t\t\t\t\t<div class=\"elementor-element elementor-element-b440279 elementor-widget elementor-widget-heading\" data-id=\"b440279\" data-element_type=\"widget\" data-widget_type=\"heading.default\">\n\t\t\t\t<div class=\"elementor-widget-container\">\n\t\t\t<h2 class=\"elementor-heading-title elementor-size-default\"><h2><b>PRODUITS<\/b><\/h2><h3>Chaque gamme de produits que nous proposons est test\u00e9e par notre \u00e9quipe qui ne s\u00e9lectionne que \u00ab la cr\u00e8me de la cr\u00e8me \u00bb. L\u2019entreprise a commenc\u00e9 par l\u2019importation de jambon Serrano, mais les gammes de produits ne se sont pas arr\u00eat\u00e9es l\u00e0. CanDisPro continue d\u2019importer une grande vari\u00e9t\u00e9 de produits espagnols - de la charcuterie, des viandes s\u00e9lectionn\u00e9es, du riz \u00e0 pa\u00eblla, des assaisonnements et des huiles d\u2019olive, des sucreries, des collations, des l\u00e9gumes et bien plus encore. Travaillant en \u00e9troite collaboration avec plus de 100 fournisseurs \u00e0 travers l\u2019Espagne, nous fournissons des solutions de bout en bout aux d\u00e9taillants, de l\u2019audit d\u2019usine au d\u00e9veloppement de produits, \u00e0 la conception d\u2019emballages et \u00e0 la gestion des cat\u00e9gories.<\/h2>\t\t<\/div>\n\t\t\t\t<\/div>\n\t\t\t\t\t<\/div>\n\t\t<\/div>\n\t\t\t\t\t<\/div>\n\t\t<\/section>\n\t\t\t\t<section class=\"elementor-section elementor-top-section elementor-element elementor-element-aeca868 elementor-section-full_width elementor-section-stretched elementor-section-height-min-height elementor-section-items-stretch elementor-reverse-mobile elementor-section-height-default\" data-id=\"aeca868\" data-element_type=\"section\" data-settings=\"{&quot;stretch_section&quot;:&quot;section-stretched&quot;}\">\n\t\t\t\t\t\t<div class=\"elementor-container elementor-column-gap-no\">\n\t\t\t\t\t<div class=\"elementor-column elementor-col-66 elementor-top-column elementor-element elementor-element-3af4ab2\" data-id=\"3af4ab2\" data-element_type=\"column\">\n\t\t\t<div class=\"elementor-widget-wrap elementor-element-populated\">\n\t\t\t\t\t\t<div class=\"elementor-element elementor-element-494e2ee elementor-widget elementor-widget-heading\" data-id=\"494e2ee\" data-element_type=\"widget\" data-widget_type=\"heading.default\">\n\t\t\t\t<div class=\"elementor-widget-container\">\n\t\t\t<h2 class=\"elementor-heading-title elementor-size-default\"><h2><b>ACTIVIT\u00c9<\/b><\/h2><h3>Nos produits import\u00e9s d\u2019Espagne sont manipul\u00e9s avec le plus grand soin, depuis le moment o\u00f9 ils quittent le producteur en Espagne jusqu\u2019\u00e0 ce qu\u2019ils arrivent dans nos nombreux \u00e9tablissements au Canada. Nos solutions \u00e0 valeur ajout\u00e9e pour les clients offrent une expertise technique, assurent une tra\u00e7abilit\u00e9 du champ \u00e0 l\u2019assiette, mettent un point d\u2019honneur au bien-\u00eatre, le tout r\u00e9gi par un approvisionnement \u00e9thique et responsable.\nNos proc\u00e9dures de manipulation salubre des aliments vont au-del\u00e0 de la r\u00e9glementation de l\u2019ACIA, afin de garantir que chaque importation de haute qualit\u00e9 parvienne \u00e0 nos consommateurs exactement de la mani\u00e8re dont elle doit \u00eatre d\u00e9gust\u00e9e. Chaque \u00e9tape de notre cha\u00eene d\u2019approvisionnement est \u00e9quilibr\u00e9e dans un souci d\u2019efficacit\u00e9, de durabilit\u00e9 et de qualit\u00e9. Nous avons recours \u00e0 la technologie, \u00e0 des processus rigoureux et a des relations de collaboration afin de relever les d\u00e9fis et cr\u00e9er de nouvelles id\u00e9es de mani\u00e8re proactive.\n<\/h2>\t\t<\/div>\n\t\t\t\t<\/div>\n\t\t\t\t\t<\/div>\n\t\t<\/div>\n\t\t\t\t<div class=\"elementor-column elementor-col-33 elementor-top-column elementor-element elementor-element-057dd15\" data-id=\"057dd15\" data-element_type=\"column\" data-settings=\"{&quot;background_background&quot;:&quot;slideshow&quot;,&quot;background_slideshow_gallery&quot;:[{&quot;id&quot;:1428,&quot;url&quot;:&quot;https:\\\/\\\/candispro.com\\\/wp-content\\\/uploads\\\/2020\\\/11\\\/aboutus08.jpg&quot;}],&quot;background_slideshow_loop&quot;:&quot;yes&quot;,&quot;background_slideshow_slide_duration&quot;:5000,&quot;background_slideshow_slide_transition&quot;:&quot;fade&quot;,&quot;background_slideshow_transition_duration&quot;:500}\">\n\t\t\t<div class=\"elementor-widget-wrap elementor-element-populated\">\n\t\t\t\t\t\t<div class=\"elementor-element elementor-element-0e7fff5 elementor-widget elementor-widget-html\" data-id=\"0e7fff5\" data-element_type=\"widget\" data-widget_type=\"html.default\">\n\t\t\t\t<div class=\"elementor-widget-container\">\n\t\t\t<p><\/p>\t\t<\/div>\n\t\t\t\t<\/div>\n\t\t\t\t\t<\/div>\n\t\t<\/div>\n\t\t\t\t\t<\/div>\n\t\t<\/section>\n\t\t\t\t<section class=\"elementor-section elementor-top-section elementor-element elementor-element-162a24b elementor-section-height-min-height elementor-section-items-stretch elementor-section-content-middle elementor-section-boxed elementor-section-height-default\" data-id=\"162a24b\" data-element_type=\"section\" data-settings=\"{&quot;background_background&quot;:&quot;slideshow&quot;,&quot;background_slideshow_gallery&quot;:[{&quot;id&quot;:561,&quot;url&quot;:&quot;https:\\\/\\\/candispro.com\\\/wp-content\\\/uploads\\\/2020\\\/09\\\/about-us-03.jpg&quot;}],&quot;background_slideshow_slide_duration&quot;:5000,&quot;background_slideshow_slide_transition&quot;:&quot;fade&quot;,&quot;background_slideshow_transition_duration&quot;:500}\">\n\t\t\t\t\t\t<div class=\"elementor-container elementor-column-gap-default\">\n\t\t\t\t\t<div class=\"elementor-column elementor-col-100 elementor-top-column elementor-element elementor-element-166206b\" data-id=\"166206b\" data-element_type=\"column\">\n\t\t\t<div class=\"elementor-widget-wrap elementor-element-populated\">\n\t\t\t\t\t\t<section class=\"elementor-section elementor-inner-section elementor-element elementor-element-66982d2 elementor-section-boxed elementor-section-height-default elementor-section-height-default\" data-id=\"66982d2\" data-element_type=\"section\">\n\t\t\t\t\t\t<div class=\"elementor-container elementor-column-gap-default\">\n\t\t\t\t\t<div class=\"elementor-column elementor-col-33 elementor-inner-column elementor-element elementor-element-2a9ded5\" data-id=\"2a9ded5\" data-element_type=\"column\" data-settings=\"{&quot;background_background&quot;:&quot;slideshow&quot;,&quot;background_slideshow_gallery&quot;:[],&quot;background_slideshow_loop&quot;:&quot;yes&quot;,&quot;background_slideshow_slide_duration&quot;:5000,&quot;background_slideshow_slide_transition&quot;:&quot;fade&quot;,&quot;background_slideshow_transition_duration&quot;:500}\">\n\t\t\t<div class=\"elementor-widget-wrap elementor-element-populated\">\n\t\t\t\t\t\t<div class=\"elementor-element elementor-element-6b2c907 elementor-widget elementor-widget-image\" data-id=\"6b2c907\" data-element_type=\"widget\" data-settings=\"{&quot;_animation&quot;:&quot;none&quot;}\" data-widget_type=\"image.default\">\n\t\t\t\t<div class=\"elementor-widget-container\">\n\t\t\t\t\t\t\t\t\t\t\t\t\t<img fetchpriority=\"high\" decoding=\"async\" width=\"450\" height=\"300\" src=\"https:\/\/candispro.com\/wp-content\/uploads\/2020\/09\/aboutus-01-300x450-1.jpg\" class=\"attachment-medium_large size-medium_large wp-image-643\" alt=\"\" srcset=\"https:\/\/candispro.com\/wp-content\/uploads\/2020\/09\/aboutus-01-300x450-1.jpg 450w, https:\/\/candispro.com\/wp-content\/uploads\/2020\/09\/aboutus-01-300x450-1-300x200.jpg 300w\" sizes=\"(max-width: 450px) 100vw, 450px\" \/>\t\t\t\t\t\t\t\t\t\t\t\t\t<\/div>\n\t\t\t\t<\/div>\n\t\t\t\t\t<\/div>\n\t\t<\/div>\n\t\t\t\t<div class=\"elementor-column elementor-col-33 elementor-inner-column elementor-element elementor-element-25ff777\" data-id=\"25ff777\" data-element_type=\"column\">\n\t\t\t<div class=\"elementor-widget-wrap elementor-element-populated\">\n\t\t\t\t\t\t<div class=\"elementor-element elementor-element-1be5c8a elementor-widget elementor-widget-image\" data-id=\"1be5c8a\" data-element_type=\"widget\" data-widget_type=\"image.default\">\n\t\t\t\t<div class=\"elementor-widget-container\">\n\t\t\t\t\t\t\t\t\t\t\t\t\t<img decoding=\"async\" width=\"450\" height=\"300\" src=\"https:\/\/candispro.com\/wp-content\/uploads\/2020\/11\/aboutus-02.jpg\" class=\"attachment-large size-large wp-image-827\" alt=\"\" srcset=\"https:\/\/candispro.com\/wp-content\/uploads\/2020\/11\/aboutus-02.jpg 450w, https:\/\/candispro.com\/wp-content\/uploads\/2020\/11\/aboutus-02-300x200.jpg 300w\" sizes=\"(max-width: 450px) 100vw, 450px\" \/>\t\t\t\t\t\t\t\t\t\t\t\t\t<\/div>\n\t\t\t\t<\/div>\n\t\t\t\t\t<\/div>\n\t\t<\/div>\n\t\t\t\t<div class=\"elementor-column elementor-col-33 elementor-inner-column elementor-element elementor-element-e7f9925\" data-id=\"e7f9925\" data-element_type=\"column\">\n\t\t\t<div class=\"elementor-widget-wrap elementor-element-populated\">\n\t\t\t\t\t\t<div class=\"elementor-element elementor-element-cca0257 elementor-widget elementor-widget-image\" data-id=\"cca0257\" data-element_type=\"widget\" data-widget_type=\"image.default\">\n\t\t\t\t<div class=\"elementor-widget-container\">\n\t\t\t\t\t\t\t\t\t\t\t\t\t<img decoding=\"async\" width=\"450\" height=\"300\" src=\"https:\/\/candispro.com\/wp-content\/uploads\/2020\/11\/aboutus-03.jpg\" class=\"attachment-large size-large wp-image-829\" alt=\"\" srcset=\"https:\/\/candispro.com\/wp-content\/uploads\/2020\/11\/aboutus-03.jpg 450w, https:\/\/candispro.com\/wp-content\/uploads\/2020\/11\/aboutus-03-300x200.jpg 300w\" sizes=\"(max-width: 450px) 100vw, 450px\" \/>\t\t\t\t\t\t\t\t\t\t\t\t\t<\/div>\n\t\t\t\t<\/div>\n\t\t\t\t\t<\/div>\n\t\t<\/div>\n\t\t\t\t\t<\/div>\n\t\t<\/section>\n\t\t\t\t\t<\/div>\n\t\t<\/div>\n\t\t\t\t\t<\/div>\n\t\t<\/section>\n\t\t\t\t<\/div>\n\t\t","protected":false},"excerpt":{"rendered":"<p>\u00c0 PROPOS DE NOUS Nous sommes des importateurs et des distributeurs sp\u00e9cialis\u00e9s dans la cuisine espagnole. C\u2019est leur amour de la cuisine espagnole qui leur a donn\u00e9 envie d\u2019importer au Canada leurs sp\u00e9cialit\u00e9s pr\u00e9f\u00e9r\u00e9es d\u2019Espagne. PRODUITS TRADITIONNELS SAINS Le r\u00e9gime m\u00e9diterran\u00e9en est l\u2019un des r\u00e9gimes les plus sains au monde; ce n\u2019est pas surprenant qu\u2019il &#8230; <a title=\"\u00c0 PROPOS DE NOUS\" class=\"read-more\" href=\"https:\/\/candispro.com\/fr\/a-propos-de-nous\/\" aria-label=\"En savoir plus sur \u00c0 PROPOS DE NOUS\">Lire la suite<\/a><\/p>\n","protected":false},"author":1,"featured_media":0,"parent":0,"menu_order":0,"comment_status":"closed","ping_status":"closed","template":"elementor_header_footer","meta":[],"acf":[],"_links":{"self":[{"href":"https:\/\/candispro.com\/fr\/wp-json\/wp\/v2\/pages\/2088"}],"collection":[{"href":"https:\/\/candispro.com\/fr\/wp-json\/wp\/v2\/pages"}],"about":[{"href":"https:\/\/candispro.com\/fr\/wp-json\/wp\/v2\/types\/page"}],"author":[{"embeddable":true,"href":"https:\/\/candispro.com\/fr\/wp-json\/wp\/v2\/users\/1"}],"replies":[{"embeddable":true,"href":"https:\/\/candispro.com\/fr\/wp-json\/wp\/v2\/comments?post=2088"}],"version-history":[{"count":3,"href":"https:\/\/candispro.com\/fr\/wp-json\/wp\/v2\/pages\/2088\/revisions"}],"predecessor-version":[{"id":2091,"href":"https:\/\/candispro.com\/fr\/wp-json\/wp\/v2\/pages\/2088\/revisions\/2091"}],"wp:attachment":[{"href":"https:\/\/candispro.com\/fr\/wp-json\/wp\/v2\/media?parent=2088"}],"curies":[{"name":"wp","href":"https:\/\/api.w.org\/{rel}","templated":true}]}}