{"id":2048,"date":"2021-05-14T11:11:36","date_gmt":"2021-05-14T11:11:36","guid":{"rendered":"https:\/\/candispro.com\/nosotros\/"},"modified":"2022-06-09T06:41:05","modified_gmt":"2022-06-09T06:41:05","slug":"nosotros","status":"publish","type":"page","link":"https:\/\/candispro.com\/es\/nosotros\/","title":{"rendered":"Nosotros"},"content":{"rendered":"\t\t<div data-elementor-type=\"wp-page\" data-elementor-id=\"2048\" class=\"elementor elementor-2048 elementor-9\">\n\t\t\t\t\t\t<section class=\"elementor-section elementor-top-section elementor-element elementor-element-d6e0a8e elementor-section-full_width elementor-section-stretched elementor-section-height-default elementor-section-height-default\" data-id=\"d6e0a8e\" data-element_type=\"section\" data-settings=\"{&quot;stretch_section&quot;:&quot;section-stretched&quot;}\">\n\t\t\t\t\t\t<div class=\"elementor-container elementor-column-gap-no\">\n\t\t\t\t\t<div class=\"elementor-column elementor-col-100 elementor-top-column elementor-element elementor-element-25d01eb\" data-id=\"25d01eb\" data-element_type=\"column\">\n\t\t\t<div class=\"elementor-widget-wrap elementor-element-populated\">\n\t\t\t\t\t\t<div class=\"elementor-element elementor-element-2b596c8 elementor-widget elementor-widget-spacer\" data-id=\"2b596c8\" data-element_type=\"widget\" data-widget_type=\"spacer.default\">\n\t\t\t\t<div class=\"elementor-widget-container\">\n\t\t\t\t\t<div class=\"elementor-spacer\">\n\t\t\t<div class=\"elementor-spacer-inner\"><\/div>\n\t\t<\/div>\n\t\t\t\t<\/div>\n\t\t\t\t<\/div>\n\t\t\t\t<div class=\"elementor-element elementor-element-c6fabc6 elementor-widget__width-inherit elementor--h-position-center elementor--v-position-middle elementor-arrows-position-inside elementor-pagination-position-inside elementor-widget elementor-widget-slides\" data-id=\"c6fabc6\" data-element_type=\"widget\" data-settings=\"{&quot;transition_speed&quot;:700,&quot;navigation&quot;:&quot;both&quot;,&quot;autoplay&quot;:&quot;yes&quot;,&quot;pause_on_hover&quot;:&quot;yes&quot;,&quot;pause_on_interaction&quot;:&quot;yes&quot;,&quot;autoplay_speed&quot;:5000,&quot;infinite&quot;:&quot;yes&quot;,&quot;transition&quot;:&quot;slide&quot;}\" data-widget_type=\"slides.default\">\n\t\t\t\t<div class=\"elementor-widget-container\">\n\t\t\t\t\t<div class=\"elementor-swiper\">\n\t\t\t<div class=\"elementor-slides-wrapper elementor-main-swiper swiper-container\" dir=\"ltr\" data-animation=\"\">\n\t\t\t\t<div class=\"swiper-wrapper elementor-slides\">\n\t\t\t\t\t\t\t\t\t\t<div class=\"elementor-repeater-item-18f653c swiper-slide\"><div class=\"swiper-slide-bg\"><\/div><div class=\"swiper-slide-inner\" ><div class=\"swiper-slide-contents\"><div class=\"elementor-slide-heading\">NOSOTROS<\/div><div class=\"elementor-slide-description\"><p>Somos importadores y distribuidores especializados en cocina espa\u00f1ola<\/p>\n<\/div><\/div><\/div><\/div>\t\t\t\t<\/div>\n\t\t\t\t\t\t\t<\/div>\n\t\t<\/div>\n\t\t\t\t<\/div>\n\t\t\t\t<\/div>\n\t\t\t\t\t<\/div>\n\t\t<\/div>\n\t\t\t\t\t<\/div>\n\t\t<\/section>\n\t\t\t\t<section class=\"elementor-section elementor-top-section elementor-element elementor-element-0457e7d elementor-section-full_width elementor-section-stretched elementor-section-height-default elementor-section-height-default\" data-id=\"0457e7d\" data-element_type=\"section\" data-settings=\"{&quot;stretch_section&quot;:&quot;section-stretched&quot;,&quot;background_background&quot;:&quot;classic&quot;}\">\n\t\t\t\t\t\t\t<div class=\"elementor-background-overlay\"><\/div>\n\t\t\t\t\t\t\t<div class=\"elementor-container elementor-column-gap-default\">\n\t\t\t\t\t<div class=\"elementor-column elementor-col-100 elementor-top-column elementor-element elementor-element-61215d4\" data-id=\"61215d4\" data-element_type=\"column\" data-settings=\"{&quot;background_background&quot;:&quot;classic&quot;}\">\n\t\t\t<div class=\"elementor-widget-wrap elementor-element-populated\">\n\t\t\t\t\t\t<div class=\"elementor-element elementor-element-d13dc76 elementor-widget elementor-widget-heading\" data-id=\"d13dc76\" data-element_type=\"widget\" data-widget_type=\"heading.default\">\n\t\t\t\t<div class=\"elementor-widget-container\">\n\t\t\t<h3 class=\"elementor-heading-title elementor-size-default\"><span style=\"text-transform:uppercase\">Fue su amor por la cocina espa\u00f1ola lo que form\u00f3 el plan para llevar sus productos favoritos de Espa\u00f1a a otras partes del mundo.<\/span><\/h3>\t\t<\/div>\n\t\t\t\t<\/div>\n\t\t\t\t\t<\/div>\n\t\t<\/div>\n\t\t\t\t\t<\/div>\n\t\t<\/section>\n\t\t\t\t<section class=\"elementor-section elementor-top-section elementor-element elementor-element-a4acc04 elementor-section-full_width elementor-section-stretched elementor-section-height-min-height elementor-section-items-stretch elementor-section-height-default\" data-id=\"a4acc04\" data-element_type=\"section\" data-settings=\"{&quot;stretch_section&quot;:&quot;section-stretched&quot;}\">\n\t\t\t\t\t\t<div class=\"elementor-container elementor-column-gap-no\">\n\t\t\t\t\t<div class=\"elementor-column elementor-col-33 elementor-top-column elementor-element elementor-element-feede79\" data-id=\"feede79\" data-element_type=\"column\" data-settings=\"{&quot;background_background&quot;:&quot;slideshow&quot;,&quot;background_slideshow_gallery&quot;:[{&quot;id&quot;:1613,&quot;url&quot;:&quot;https:\\\/\\\/candispro.com\\\/wp-content\\\/uploads\\\/2020\\\/11\\\/about-us-traditional.jpg&quot;}],&quot;background_slideshow_loop&quot;:&quot;yes&quot;,&quot;background_slideshow_slide_duration&quot;:5000,&quot;background_slideshow_slide_transition&quot;:&quot;fade&quot;,&quot;background_slideshow_transition_duration&quot;:500}\">\n\t\t\t<div class=\"elementor-widget-wrap elementor-element-populated\">\n\t\t\t\t\t\t<div class=\"elementor-element elementor-element-cef804d elementor-widget elementor-widget-html\" data-id=\"cef804d\" data-element_type=\"widget\" data-widget_type=\"html.default\">\n\t\t\t\t<div class=\"elementor-widget-container\">\n\t\t\t<p><\/p>\t\t<\/div>\n\t\t\t\t<\/div>\n\t\t\t\t\t<\/div>\n\t\t<\/div>\n\t\t\t\t<div class=\"elementor-column elementor-col-66 elementor-top-column elementor-element elementor-element-43218e3\" data-id=\"43218e3\" data-element_type=\"column\">\n\t\t\t<div class=\"elementor-widget-wrap elementor-element-populated\">\n\t\t\t\t\t\t<div class=\"elementor-element elementor-element-0abfdf6 elementor-widget elementor-widget-heading\" data-id=\"0abfdf6\" data-element_type=\"widget\" data-widget_type=\"heading.default\">\n\t\t\t\t<div class=\"elementor-widget-container\">\n\t\t\t<h2 class=\"elementor-heading-title elementor-size-default\"><h2><b>PRODUCTOS SALUDABLES TRADICIONALES<\/b><\/h2><h3>La Dieta Mediterr\u00e1nea es una de las dietas m\u00e1s saludables del mundo; est\u00e1 de moda entre muchos pa\u00edses por sus razones. En Espa\u00f1a, es una forma de vida. <h3>Los estudios han demostrado que esta forma tradicional de comer reduce el riesgo de muchas enfermedades... \u00a1por no mencionar que la comida es deliciosa!<h3>Nuestros productos saludables tradicionales tienen en cuenta las piedras angulares de la Dieta Mediterr\u00e1nea - centr\u00e1ndose en frutas, verduras, frutos secos, cereales integrales y aceite de oliva-, al tiempo que ofrecen productos sin OMG, sin ingredientes artificiales y productos que se procesan de la forma m\u00e1s natural posible.<\/h2>\t\t<\/div>\n\t\t\t\t<\/div>\n\t\t\t\t\t<\/div>\n\t\t<\/div>\n\t\t\t\t\t<\/div>\n\t\t<\/section>\n\t\t\t\t<section class=\"elementor-section elementor-top-section elementor-element elementor-element-d23524a elementor-section-full_width elementor-section-stretched elementor-section-height-min-height elementor-section-items-stretch elementor-reverse-mobile elementor-section-height-default\" data-id=\"d23524a\" data-element_type=\"section\" data-settings=\"{&quot;stretch_section&quot;:&quot;section-stretched&quot;}\">\n\t\t\t\t\t\t<div class=\"elementor-container elementor-column-gap-no\">\n\t\t\t\t\t<div class=\"elementor-column elementor-col-66 elementor-top-column elementor-element elementor-element-63af7f2\" data-id=\"63af7f2\" data-element_type=\"column\">\n\t\t\t<div class=\"elementor-widget-wrap elementor-element-populated\">\n\t\t\t\t\t\t<div class=\"elementor-element elementor-element-9300cba elementor-widget elementor-widget-heading\" data-id=\"9300cba\" data-element_type=\"widget\" data-widget_type=\"heading.default\">\n\t\t\t\t<div class=\"elementor-widget-container\">\n\t\t\t<h2 class=\"elementor-heading-title elementor-size-default\"><h2><b>PROVEEDORES<\/b><\/h2><h3>En CanDisPro, cada uno de nuestros proveedores se somete a un riguroso proceso de selecci\u00f3n. Visitamos personalmente a casi todos los productores, desde las peque\u00f1as granjas familiares en remotas partes de Espa\u00f1a hasta los productores m\u00e1s grandes y conocidos de toda la Pen\u00ednsula Ib\u00e9rica. Nos aseguramos que sus m\u00e9todos de producci\u00f3n y calidad se alineen con los de CanDisPro y que sus productos cumplan con los est\u00e1ndares de salud y seguridad de IFS y BRC. Conocer a cada uno de nuestros proveedores es la clave esencial para construir y fortalecer nuestras relaciones. Somos su extensi\u00f3n y nos enorgullecemos de representar a su empresa y sus productos en el mundo. Estamos orgullosos del cuidado y apoyo que ofrecemos a nuestros proveedores, lo que nos permite comprender plenamente los requisitos y expectativas de nuestros clientes.<\/h3><\/h2>\t\t<\/div>\n\t\t\t\t<\/div>\n\t\t\t\t\t<\/div>\n\t\t<\/div>\n\t\t\t\t<div class=\"elementor-column elementor-col-33 elementor-top-column elementor-element elementor-element-2357178\" data-id=\"2357178\" data-element_type=\"column\" data-settings=\"{&quot;background_background&quot;:&quot;slideshow&quot;,&quot;background_slideshow_gallery&quot;:[{&quot;id&quot;:1426,&quot;url&quot;:&quot;https:\\\/\\\/candispro.com\\\/wp-content\\\/uploads\\\/2020\\\/11\\\/aboutus05.jpg&quot;}],&quot;background_slideshow_loop&quot;:&quot;yes&quot;,&quot;background_slideshow_slide_duration&quot;:5000,&quot;background_slideshow_slide_transition&quot;:&quot;fade&quot;,&quot;background_slideshow_transition_duration&quot;:500}\">\n\t\t\t<div class=\"elementor-widget-wrap elementor-element-populated\">\n\t\t\t\t\t\t<div class=\"elementor-element elementor-element-23444e6 elementor-widget elementor-widget-html\" data-id=\"23444e6\" data-element_type=\"widget\" data-widget_type=\"html.default\">\n\t\t\t\t<div class=\"elementor-widget-container\">\n\t\t\t<p><\/p>\t\t<\/div>\n\t\t\t\t<\/div>\n\t\t\t\t\t<\/div>\n\t\t<\/div>\n\t\t\t\t\t<\/div>\n\t\t<\/section>\n\t\t\t\t<section class=\"elementor-section elementor-top-section elementor-element elementor-element-5826dea elementor-section-full_width elementor-section-stretched elementor-section-height-min-height elementor-section-items-stretch elementor-section-height-default\" data-id=\"5826dea\" data-element_type=\"section\" data-settings=\"{&quot;stretch_section&quot;:&quot;section-stretched&quot;}\">\n\t\t\t\t\t\t<div class=\"elementor-container elementor-column-gap-no\">\n\t\t\t\t\t<div class=\"elementor-column elementor-col-33 elementor-top-column elementor-element elementor-element-d6b45e8\" data-id=\"d6b45e8\" data-element_type=\"column\" data-settings=\"{&quot;background_background&quot;:&quot;slideshow&quot;,&quot;background_slideshow_gallery&quot;:[{&quot;id&quot;:1427,&quot;url&quot;:&quot;https:\\\/\\\/candispro.com\\\/wp-content\\\/uploads\\\/2020\\\/11\\\/aboutus06.jpg&quot;}],&quot;background_slideshow_loop&quot;:&quot;yes&quot;,&quot;background_slideshow_slide_duration&quot;:5000,&quot;background_slideshow_slide_transition&quot;:&quot;fade&quot;,&quot;background_slideshow_transition_duration&quot;:500}\">\n\t\t\t<div class=\"elementor-widget-wrap elementor-element-populated\">\n\t\t\t\t\t\t<div class=\"elementor-element elementor-element-f43b2e3 elementor-widget elementor-widget-html\" data-id=\"f43b2e3\" data-element_type=\"widget\" data-widget_type=\"html.default\">\n\t\t\t\t<div class=\"elementor-widget-container\">\n\t\t\t<p><\/p>\t\t<\/div>\n\t\t\t\t<\/div>\n\t\t\t\t\t<\/div>\n\t\t<\/div>\n\t\t\t\t<div class=\"elementor-column elementor-col-66 elementor-top-column elementor-element elementor-element-27252d6\" data-id=\"27252d6\" data-element_type=\"column\">\n\t\t\t<div class=\"elementor-widget-wrap elementor-element-populated\">\n\t\t\t\t\t\t<div class=\"elementor-element elementor-element-b440279 elementor-widget elementor-widget-heading\" data-id=\"b440279\" data-element_type=\"widget\" data-widget_type=\"heading.default\">\n\t\t\t\t<div class=\"elementor-widget-container\">\n\t\t\t<h2 class=\"elementor-heading-title elementor-size-default\"><h2><b>PRODUCTOS<\/b><\/h2><h3>Cada l\u00ednea de productos que distribuimos es probada por nuestro equipo, siendo el proceso de selecci\u00f3n el \"mejor de los mejores\". La empresa comenz\u00f3 con la importaci\u00f3n de Jam\u00f3n Serrano, pero las l\u00edneas de productos no terminaron ah\u00ed. CanDisPro contin\u00faa importando una amplia variedad de productos espa\u00f1oles, desde embutidos, carnes seleccionadas, arroz para paella, condimentos y aceites de oliva, hasta dulces, aperitivos, verduras y mucho m\u00e1s. Trabajando en estrecha colaboraci\u00f3n con m\u00e1s de 100 proveedores en toda Espa\u00f1a, ofrecemos soluciones integrales para minoristas, desde la auditor\u00eda de f\u00e1bricas hasta el desarrollo de productos, el dise\u00f1o de envases y la gesti\u00f3n de categor\u00edas.<\/h2>\t\t<\/div>\n\t\t\t\t<\/div>\n\t\t\t\t\t<\/div>\n\t\t<\/div>\n\t\t\t\t\t<\/div>\n\t\t<\/section>\n\t\t\t\t<section class=\"elementor-section elementor-top-section elementor-element elementor-element-aeca868 elementor-section-full_width elementor-section-stretched elementor-section-height-min-height elementor-section-items-stretch elementor-reverse-mobile elementor-section-height-default\" data-id=\"aeca868\" data-element_type=\"section\" data-settings=\"{&quot;stretch_section&quot;:&quot;section-stretched&quot;}\">\n\t\t\t\t\t\t<div class=\"elementor-container elementor-column-gap-no\">\n\t\t\t\t\t<div class=\"elementor-column elementor-col-66 elementor-top-column elementor-element elementor-element-3af4ab2\" data-id=\"3af4ab2\" data-element_type=\"column\">\n\t\t\t<div class=\"elementor-widget-wrap elementor-element-populated\">\n\t\t\t\t\t\t<div class=\"elementor-element elementor-element-494e2ee elementor-widget elementor-widget-heading\" data-id=\"494e2ee\" data-element_type=\"widget\" data-widget_type=\"heading.default\">\n\t\t\t\t<div class=\"elementor-widget-container\">\n\t\t\t<h2 class=\"elementor-heading-title elementor-size-default\"><h2><b>OPERACIONES<\/b><\/h2><h3>Nuestros productos espa\u00f1oles importados se gestionan con el m\u00e1ximo cuidado, desde el momento en que salen del productor en Espa\u00f1a, hasta que llegan a nuestras ubicaciones. Nuestras soluciones de valor a\u00f1adido para clientes ofrecen experiencia t\u00e9cnica, trazabilidad desde el campo hasta el tenedor, y opciones de alto bienestar, todo ello gobernado por un abastecimiento \u00e9tico y responsable. Nuestros procedimientos de manipulaci\u00f3n segura de alimentos van m\u00e1s all\u00e1 de las regulaciones del Gobierno - para garantizar que cada importaci\u00f3n de alta calidad llegue a nuestros consumidores exactamente de la manera en que se pretend\u00eda disfrutar. Cada etapa de nuestra cadena de suministro est\u00e1 equilibrada con eficiencia, sostenibilidad y calidad. Utilizamos tecnolog\u00eda, procesos rigurosos y relaciones de colaboraci\u00f3n para superar desaf\u00edos y crear ideas de forma proactiva.<\/h3><\/h2>\t\t<\/div>\n\t\t\t\t<\/div>\n\t\t\t\t\t<\/div>\n\t\t<\/div>\n\t\t\t\t<div class=\"elementor-column elementor-col-33 elementor-top-column elementor-element elementor-element-057dd15\" data-id=\"057dd15\" data-element_type=\"column\" data-settings=\"{&quot;background_background&quot;:&quot;slideshow&quot;,&quot;background_slideshow_gallery&quot;:[{&quot;id&quot;:1428,&quot;url&quot;:&quot;https:\\\/\\\/candispro.com\\\/wp-content\\\/uploads\\\/2020\\\/11\\\/aboutus08.jpg&quot;}],&quot;background_slideshow_loop&quot;:&quot;yes&quot;,&quot;background_slideshow_slide_duration&quot;:5000,&quot;background_slideshow_slide_transition&quot;:&quot;fade&quot;,&quot;background_slideshow_transition_duration&quot;:500}\">\n\t\t\t<div class=\"elementor-widget-wrap elementor-element-populated\">\n\t\t\t\t\t\t<div class=\"elementor-element elementor-element-0e7fff5 elementor-widget elementor-widget-html\" data-id=\"0e7fff5\" data-element_type=\"widget\" data-widget_type=\"html.default\">\n\t\t\t\t<div class=\"elementor-widget-container\">\n\t\t\t<p><\/p>\t\t<\/div>\n\t\t\t\t<\/div>\n\t\t\t\t\t<\/div>\n\t\t<\/div>\n\t\t\t\t\t<\/div>\n\t\t<\/section>\n\t\t\t\t<section class=\"elementor-section elementor-top-section elementor-element elementor-element-162a24b elementor-section-height-min-height elementor-section-items-stretch elementor-section-content-middle elementor-section-boxed elementor-section-height-default\" data-id=\"162a24b\" data-element_type=\"section\" data-settings=\"{&quot;background_background&quot;:&quot;slideshow&quot;,&quot;background_slideshow_gallery&quot;:[{&quot;id&quot;:561,&quot;url&quot;:&quot;https:\\\/\\\/candispro.com\\\/wp-content\\\/uploads\\\/2020\\\/09\\\/about-us-03.jpg&quot;}],&quot;background_slideshow_slide_duration&quot;:5000,&quot;background_slideshow_slide_transition&quot;:&quot;fade&quot;,&quot;background_slideshow_transition_duration&quot;:500}\">\n\t\t\t\t\t\t<div class=\"elementor-container elementor-column-gap-default\">\n\t\t\t\t\t<div class=\"elementor-column elementor-col-100 elementor-top-column elementor-element elementor-element-166206b\" data-id=\"166206b\" data-element_type=\"column\">\n\t\t\t<div class=\"elementor-widget-wrap elementor-element-populated\">\n\t\t\t\t\t\t<section class=\"elementor-section elementor-inner-section elementor-element elementor-element-66982d2 elementor-section-boxed elementor-section-height-default elementor-section-height-default\" data-id=\"66982d2\" data-element_type=\"section\">\n\t\t\t\t\t\t<div class=\"elementor-container elementor-column-gap-default\">\n\t\t\t\t\t<div class=\"elementor-column elementor-col-33 elementor-inner-column elementor-element elementor-element-2a9ded5\" data-id=\"2a9ded5\" data-element_type=\"column\" data-settings=\"{&quot;background_background&quot;:&quot;slideshow&quot;,&quot;background_slideshow_gallery&quot;:[],&quot;background_slideshow_loop&quot;:&quot;yes&quot;,&quot;background_slideshow_slide_duration&quot;:5000,&quot;background_slideshow_slide_transition&quot;:&quot;fade&quot;,&quot;background_slideshow_transition_duration&quot;:500}\">\n\t\t\t<div class=\"elementor-widget-wrap elementor-element-populated\">\n\t\t\t\t\t\t<div class=\"elementor-element elementor-element-6b2c907 elementor-widget elementor-widget-image\" data-id=\"6b2c907\" data-element_type=\"widget\" data-settings=\"{&quot;_animation&quot;:&quot;none&quot;}\" data-widget_type=\"image.default\">\n\t\t\t\t<div class=\"elementor-widget-container\">\n\t\t\t\t\t\t\t\t\t\t\t\t\t<img fetchpriority=\"high\" decoding=\"async\" width=\"450\" height=\"300\" src=\"https:\/\/candispro.com\/wp-content\/uploads\/2020\/09\/aboutus-01-300x450-1.jpg\" class=\"attachment-medium_large size-medium_large wp-image-643\" alt=\"\" srcset=\"https:\/\/candispro.com\/wp-content\/uploads\/2020\/09\/aboutus-01-300x450-1.jpg 450w, https:\/\/candispro.com\/wp-content\/uploads\/2020\/09\/aboutus-01-300x450-1-300x200.jpg 300w\" sizes=\"(max-width: 450px) 100vw, 450px\" \/>\t\t\t\t\t\t\t\t\t\t\t\t\t<\/div>\n\t\t\t\t<\/div>\n\t\t\t\t\t<\/div>\n\t\t<\/div>\n\t\t\t\t<div class=\"elementor-column elementor-col-33 elementor-inner-column elementor-element elementor-element-25ff777\" data-id=\"25ff777\" data-element_type=\"column\">\n\t\t\t<div class=\"elementor-widget-wrap elementor-element-populated\">\n\t\t\t\t\t\t<div class=\"elementor-element elementor-element-1be5c8a elementor-widget elementor-widget-image\" data-id=\"1be5c8a\" data-element_type=\"widget\" data-widget_type=\"image.default\">\n\t\t\t\t<div class=\"elementor-widget-container\">\n\t\t\t\t\t\t\t\t\t\t\t\t\t<img decoding=\"async\" width=\"450\" height=\"300\" src=\"https:\/\/candispro.com\/wp-content\/uploads\/2020\/11\/aboutus-02.jpg\" class=\"attachment-large size-large wp-image-827\" alt=\"\" srcset=\"https:\/\/candispro.com\/wp-content\/uploads\/2020\/11\/aboutus-02.jpg 450w, https:\/\/candispro.com\/wp-content\/uploads\/2020\/11\/aboutus-02-300x200.jpg 300w\" sizes=\"(max-width: 450px) 100vw, 450px\" \/>\t\t\t\t\t\t\t\t\t\t\t\t\t<\/div>\n\t\t\t\t<\/div>\n\t\t\t\t\t<\/div>\n\t\t<\/div>\n\t\t\t\t<div class=\"elementor-column elementor-col-33 elementor-inner-column elementor-element elementor-element-e7f9925\" data-id=\"e7f9925\" data-element_type=\"column\">\n\t\t\t<div class=\"elementor-widget-wrap elementor-element-populated\">\n\t\t\t\t\t\t<div class=\"elementor-element elementor-element-cca0257 elementor-widget elementor-widget-image\" data-id=\"cca0257\" data-element_type=\"widget\" data-widget_type=\"image.default\">\n\t\t\t\t<div class=\"elementor-widget-container\">\n\t\t\t\t\t\t\t\t\t\t\t\t\t<img decoding=\"async\" width=\"450\" height=\"300\" src=\"https:\/\/candispro.com\/wp-content\/uploads\/2020\/11\/aboutus-03.jpg\" class=\"attachment-large size-large wp-image-829\" alt=\"\" srcset=\"https:\/\/candispro.com\/wp-content\/uploads\/2020\/11\/aboutus-03.jpg 450w, https:\/\/candispro.com\/wp-content\/uploads\/2020\/11\/aboutus-03-300x200.jpg 300w\" sizes=\"(max-width: 450px) 100vw, 450px\" \/>\t\t\t\t\t\t\t\t\t\t\t\t\t<\/div>\n\t\t\t\t<\/div>\n\t\t\t\t\t<\/div>\n\t\t<\/div>\n\t\t\t\t\t<\/div>\n\t\t<\/section>\n\t\t\t\t\t<\/div>\n\t\t<\/div>\n\t\t\t\t\t<\/div>\n\t\t<\/section>\n\t\t\t\t<\/div>\n\t\t","protected":false},"excerpt":{"rendered":"<p>NOSOTROS Somos importadores y distribuidores especializados en cocina espa\u00f1ola Fue su amor por la cocina espa\u00f1ola lo que form\u00f3 el plan para llevar sus productos favoritos de Espa\u00f1a a otras partes del mundo. PRODUCTOS SALUDABLES TRADICIONALES La Dieta Mediterr\u00e1nea es una de las dietas m\u00e1s saludables del mundo; est\u00e1 de moda entre muchos pa\u00edses por &#8230; <a title=\"Nosotros\" class=\"read-more\" href=\"https:\/\/candispro.com\/es\/nosotros\/\" aria-label=\"M\u00e1s en Nosotros\">Leer m\u00e1s<\/a><\/p>\n","protected":false},"author":1,"featured_media":0,"parent":0,"menu_order":0,"comment_status":"closed","ping_status":"closed","template":"elementor_header_footer","meta":[],"acf":[],"_links":{"self":[{"href":"https:\/\/candispro.com\/es\/wp-json\/wp\/v2\/pages\/2048"}],"collection":[{"href":"https:\/\/candispro.com\/es\/wp-json\/wp\/v2\/pages"}],"about":[{"href":"https:\/\/candispro.com\/es\/wp-json\/wp\/v2\/types\/page"}],"author":[{"embeddable":true,"href":"https:\/\/candispro.com\/es\/wp-json\/wp\/v2\/users\/1"}],"replies":[{"embeddable":true,"href":"https:\/\/candispro.com\/es\/wp-json\/wp\/v2\/comments?post=2048"}],"version-history":[{"count":13,"href":"https:\/\/candispro.com\/es\/wp-json\/wp\/v2\/pages\/2048\/revisions"}],"predecessor-version":[{"id":3791,"href":"https:\/\/candispro.com\/es\/wp-json\/wp\/v2\/pages\/2048\/revisions\/3791"}],"wp:attachment":[{"href":"https:\/\/candispro.com\/es\/wp-json\/wp\/v2\/media?parent=2048"}],"curies":[{"name":"wp","href":"https:\/\/api.w.org\/{rel}","templated":true}]}}